{"id":4931,"date":"2025-03-28T16:53:52","date_gmt":"2025-03-28T15:53:52","guid":{"rendered":"https:\/\/udrzitelnost.zcu.cz\/intro\/"},"modified":"2026-01-19T10:13:19","modified_gmt":"2026-01-19T09:13:19","slug":"intro","status":"publish","type":"page","link":"https:\/\/udrzitelnost.zcu.cz\/en\/","title":{"rendered":"Intro"},"content":{"rendered":"\n<div id=\"uvod\" class=\"wp-block-uagb-container hero-section uagb-block-fd908999 alignfull uagb-is-root-container\"><div class=\"uagb-container-inner-blocks-wrap\">\n<h1 class=\"wp-block-heading instituce-hero has-palette-color-6-color has-text-color\">Sustainibility at the University of West Bohemia in Pilsen<\/h1>\n\n\n\n<p class=\"instituce-description\">Sustainability is not just about protecting nature \u2013 it\u2019s a&nbsp;path toward harmonious coexistence between people and the planet.<\/p>\n<\/div><\/div>\n\n<div class=\"wp-block-uagb-container uagb-block-06823598 alignfull uagb-is-root-container\"><div class=\"uagb-container-inner-blocks-wrap\">\n<h2 class=\"wp-block-heading has-text-align-center\" style=\"text-transform:uppercase\">What is sustainability?<\/h2>\n\n\n\n<p>Sustainability is a&nbsp;concept that focuses on <strong>meeting the needs of the present generation, without compromising the ability of future generations<\/strong>, in order to meet their own needs. This approach is based on the understanding that the Earth\u2019s natural resources are limited, and must be managed responsibly.  <\/p>\n\n\n\n<p>Sustainability connects ecological, economic, and social aspects, which together form the so-called <strong>\u201cthree pillars of sustainability\u201d: environmental protection, economic stability, and social justice.t\u0159i pil\u00ed\u0159e udr\u017eitelnosti: ochranu \u017eivotn\u00edho prost\u0159ed\u00ed, ekonomickou stabilitu a&nbsp;soci\u00e1ln\u00ed spravedlnost.<\/strong><\/p>\n\n\n\n<ul class=\"wp-block-list\">\n<li><strong>On the environmental level<\/strong>, it concerns the protection of natural ecosystems, the reduction of greenhouse gas emissions, the minimization of waste, and the efficient use of resources, such as water and energy.<\/li>\n\n\n\n<li><strong>Economic sustainability<\/strong> focuses on long-term growth without excessive depletion of resources, and the promotion of innovations that contribute to a&nbsp;greener economy.<\/li>\n\n\n\n<li><strong>The social aspect<\/strong> includes the fight against poverty, the promotion of equality, and the provision of decent conditions for all members of society.<\/li>\n<\/ul>\n\n\n\n<p><strong>Sustainability is not just about protecting nature<\/strong> \u2013 it\u2019s a&nbsp;path toward harmonious coexistence between people and the planet. By embracing sustainable principles, we can ensure not only a&nbsp;healthier environment, but also a&nbsp;fairer society and a&nbsp;stable economy. Every step towards sustainability, from small changes in everyday life, to systemic innovations, helps build a&nbsp;better future for us all. <br\/><\/p>\n\n\n\n<p><strong>At the University of West Bohemia in Pilsen<\/strong>, we are preparing an educational program in 2025 focused on environmental engineering, implementing circular economy principles in university operations, and, last but not least, improving the campus environment. You can find more information about our upcoming initiatives in <strong><a href=\"http:\/\/udrzitelnost.zcu.cz\/wp-content\/uploads\/2025\/06\/navrh_akcni_plan_strategie_udrzitelneho-rozvoje_ZCU.pdf\">the action plan<\/a><\/strong>. <\/p>\n\n\n\n<h4 class=\"wp-block-heading\">Main tasks for 2025:<\/h4>\n\n\n\n<div class=\"wp-block-uagb-icon-list uagb-block-af995a2f\"><div class=\"uagb-icon-list__wrap\">\n<div class=\"wp-block-uagb-icon-list-child uagb-block-3e21e0ea\"><a target=\"_self\" aria-label=\"Vytvo&#x159;en&#xED; a schv&#xE1;len&#xED; Strategie udr&#x17E;iteln&#xE9;ho rozvoje Z&#x10C;U\" rel=\"noopener noreferrer\" href=\"https:\/\/udrzitelnost.zcu.cz\/wp-content\/uploads\/2025\/03\/02_Strategie-udrzitelneho-rozvoje-ZCU.pdf\"> <\/a><span class=\"uagb-icon-list__source-wrap\"><svg xmlns=\"https:\/\/www.w3.org\/2000\/svg\" viewbox=\"0 0 448 512\"><path d=\"M384 32C419.3 32 448 60.65 448 96V416C448 451.3 419.3 480 384 480H64C28.65 480 0 451.3 0 416V96C0 60.65 28.65 32 64 32H384zM339.8 211.8C350.7 200.9 350.7 183.1 339.8 172.2C328.9 161.3 311.1 161.3 300.2 172.2L192 280.4L147.8 236.2C136.9 225.3 119.1 225.3 108.2 236.2C97.27 247.1 97.27 264.9 108.2 275.8L172.2 339.8C183.1 350.7 200.9 350.7 211.8 339.8L339.8 211.8z\"><\/path><\/svg><\/span><span class=\"uagb-icon-list__label\">Development and approval of the <strong>Sustainable Development Strategy<\/strong> of the University of West Bohemia<\/span><\/div>\n\n\n\n<div class=\"wp-block-uagb-icon-list-child uagb-block-007826da\"><span class=\"uagb-icon-list__source-wrap\"><svg xmlns=\"https:\/\/www.w3.org\/2000\/svg\" viewbox=\"0 0 448 512\"><path d=\"M384 32C419.3 32 448 60.65 448 96V416C448 451.3 419.3 480 384 480H64C28.65 480 0 451.3 0 416V96C0 60.65 28.65 32 64 32H384zM339.8 211.8C350.7 200.9 350.7 183.1 339.8 172.2C328.9 161.3 311.1 161.3 300.2 172.2L192 280.4L147.8 236.2C136.9 225.3 119.1 225.3 108.2 236.2C97.27 247.1 97.27 264.9 108.2 275.8L172.2 339.8C183.1 350.7 200.9 350.7 211.8 339.8L339.8 211.8z\"><\/path><\/svg><\/span><span class=\"uagb-icon-list__label\">Completion of an energy audit and creation of the university&#8217;s&nbsp;energy concept<\/span><\/div>\n\n\n\n<div class=\"wp-block-uagb-icon-list-child uagb-block-f710a167\"><a target=\"_self\" aria-label=\"Vytvo&#x159;en&#xED; nov&#xE9;ho vzd&#x11B;l&#xE1;vac&#xED;ho programu Environment&#xE1;ln&#xED; in&#x17E;en&#xFD;rstv&#xED;\" rel=\"noopener noreferrer\" href=\"https:\/\/info.zcu.cz\/Environmental-Engineering-and-Nuclear-Energy--UWB-launches-new-programmes-for-the-future\/clanek.jsp?id=8231\"> <\/a><span class=\"uagb-icon-list__source-wrap\"><svg xmlns=\"https:\/\/www.w3.org\/2000\/svg\" viewbox=\"0 0 448 512\"><path d=\"M384 32C419.3 32 448 60.65 448 96V416C448 451.3 419.3 480 384 480H64C28.65 480 0 451.3 0 416V96C0 60.65 28.65 32 64 32H384zM339.8 211.8C350.7 200.9 350.7 183.1 339.8 172.2C328.9 161.3 311.1 161.3 300.2 172.2L192 280.4L147.8 236.2C136.9 225.3 119.1 225.3 108.2 236.2C97.27 247.1 97.27 264.9 108.2 275.8L172.2 339.8C183.1 350.7 200.9 350.7 211.8 339.8L339.8 211.8z\"><\/path><\/svg><\/span><span class=\"uagb-icon-list__label\">Launch of a&nbsp;new study program in <strong>Environmental Engineering<\/strong><\/span><\/div>\n\n\n\n<div class=\"wp-block-uagb-icon-list-child uagb-block-691811de\"><span class=\"uagb-icon-list__source-wrap\"><svg xmlns=\"https:\/\/www.w3.org\/2000\/svg\" viewbox=\"0 0 448 512\"><path d=\"M384 32C419.3 32 448 60.65 448 96V416C448 451.3 419.3 480 384 480H64C28.65 480 0 451.3 0 416V96C0 60.65 28.65 32 64 32H384zM339.8 211.8C350.7 200.9 350.7 183.1 339.8 172.2C328.9 161.3 311.1 161.3 300.2 172.2L192 280.4L147.8 236.2C136.9 225.3 119.1 225.3 108.2 236.2C97.27 247.1 97.27 264.9 108.2 275.8L172.2 339.8C183.1 350.7 200.9 350.7 211.8 339.8L339.8 211.8z\"><\/path><\/svg><\/span><span class=\"uagb-icon-list__label\">Introduction of an option to take food from the canteen in reusable containers<\/span><\/div>\n\n\n\n<div class=\"wp-block-uagb-icon-list-child uagb-block-5cffd0cc\"><span class=\"uagb-icon-list__source-wrap\"><svg xmlns=\"https:\/\/www.w3.org\/2000\/svg\" viewbox=\"0 0 448 512\"><path d=\"M384 32C419.3 32 448 60.65 448 96V416C448 451.3 419.3 480 384 480H64C28.65 480 0 451.3 0 416V96C0 60.65 28.65 32 64 32H384zM339.8 211.8C350.7 200.9 350.7 183.1 339.8 172.2C328.9 161.3 311.1 161.3 300.2 172.2L192 280.4L147.8 236.2C136.9 225.3 119.1 225.3 108.2 236.2C97.27 247.1 97.27 264.9 108.2 275.8L172.2 339.8C183.1 350.7 200.9 350.7 211.8 339.8L339.8 211.8z\"><\/path><\/svg><\/span><span class=\"uagb-icon-list__label\">Development of three new lifelong learning courses focused on sustainability<\/span><\/div>\n<\/div><\/div>\n<\/div><\/div>\n\n<div class=\"wp-block-uagb-container full-width-container-image uagb-layout-flex uagb-block-9f76e287 alignfull uagb-is-root-container\"><div class=\"uagb-container-inner-blocks-wrap\">\n<div class=\"wp-block-uagb-container uagb-layout-grid uagb-block-252e22b4\">\n<div class=\"wp-block-uagb-info-box uagb-block-604a6dee uagb-infobox__content-wrap  uagb-infobox_cta-type-all uagb-infobox-icon-above-title uagb-infobox-image-valign-top wp-block-uagb-info-box--has-margin\"><div class=\"uagb-infobox-margin-wrapper\"><a href=\"https:\/\/udrzitelnost.zcu.cz\/en\/social-responsibility\/\" class=\"uagb-infobox-link-wrap uagb-infbox__link-to-all\" target=\"_self\" aria-label=\"Infobox Link\" rel=\"noopener noreferrer\" onclick=\"return true;\"><\/a><div class=\"uagb-ifb-content\"><div class=\"uagb-ifb-title-wrap\"><span class=\"uagb-ifb-title-prefix\">UWB &amp;<\/span><h2 class=\"uagb-ifb-title\">Social<br\/>responsibility<\/h2><\/div><p class=\"uagb-ifb-desc\">We place sustainable development and social responsibility at the heart of our decision-making.<\/p><div class=\"uagb-ifb-button-wrapper wp-block-button\"><\/div><\/div><\/div><\/div>\n\n\n\n<div class=\"wp-block-uagb-info-box uagb-block-b4e652c1 uagb-infobox__content-wrap  uagb-infobox_cta-type-all uagb-infobox-icon-above-title uagb-infobox-image-valign-top wp-block-uagb-info-box--has-margin\"><div class=\"uagb-infobox-margin-wrapper\"><a href=\"https:\/\/udrzitelnost.zcu.cz\/en\/low-carbon-energy\/\" class=\"uagb-infobox-link-wrap uagb-infbox__link-to-all\" target=\"_self\" aria-label=\"Infobox Link\" rel=\"noopener noreferrer\" onclick=\"return true;\"><\/a><div class=\"uagb-ifb-content\"><div class=\"uagb-ifb-title-wrap\"><span class=\"uagb-ifb-title-prefix\">UWB &amp;<\/span><h2 class=\"uagb-ifb-title\">LOW-CARBON<br\/>ENERGY<\/h2><\/div><p class=\"uagb-ifb-desc\">We focus on more efficient energy management, contributing to the reduction of our carbon footprint.<\/p><div class=\"uagb-ifb-button-wrapper wp-block-button\"><\/div><\/div><\/div><\/div>\n\n\n\n<div class=\"wp-block-uagb-info-box uagb-block-e77b0457 uagb-infobox__content-wrap  uagb-infobox_cta-type-all uagb-infobox-icon-above-title uagb-infobox-image-valign-top wp-block-uagb-info-box--has-margin\"><div class=\"uagb-infobox-margin-wrapper\"><a href=\"https:\/\/udrzitelnost.zcu.cz\/en\/circular-economy\/\" class=\"uagb-infobox-link-wrap uagb-infbox__link-to-all\" target=\"_self\" aria-label=\"Infobox Link\" rel=\"noopener noreferrer\" onclick=\"return true;\"><\/a><div class=\"uagb-ifb-content\"><div class=\"uagb-ifb-title-wrap\"><span class=\"uagb-ifb-title-prefix\">UWB &amp;<\/span><h2 class=\"uagb-ifb-title\">CIRCULAR<br\/>ECONOMY<\/h2><\/div><p class=\"uagb-ifb-desc\">Through science, research, and innovation, we apply the principles of the circular economy in practice.<\/p><div class=\"uagb-ifb-button-wrapper wp-block-button\"><\/div><\/div><\/div><\/div>\n\n\n\n<div class=\"wp-block-uagb-info-box uagb-block-2849ce71 uagb-infobox__content-wrap  uagb-infobox_cta-type-all uagb-infobox-icon-above-title uagb-infobox-image-valign-top wp-block-uagb-info-box--has-margin\"><div class=\"uagb-infobox-margin-wrapper\"><a href=\"https:\/\/udrzitelnost.zcu.cz\/en\/sustainable-mobility\/\" class=\"uagb-infobox-link-wrap uagb-infbox__link-to-all\" target=\"_self\" aria-label=\"Infobox Link\" rel=\"noopener noreferrer\" onclick=\"return true;\"><\/a><div class=\"uagb-ifb-content\"><div class=\"uagb-ifb-title-wrap\"><span class=\"uagb-ifb-title-prefix\">UWB &amp;<\/span><h2 class=\"uagb-ifb-title\">SUSTAINABLE<br\/>MOBILITY<\/h2><\/div><p class=\"uagb-ifb-desc\">We inspire the city, the region, businesses, and citizens to take a&nbsp;responsible approach to sustainable mobility.<\/p><div class=\"uagb-ifb-button-wrapper wp-block-button\"><\/div><\/div><\/div><\/div>\n\n\n\n<div class=\"wp-block-uagb-info-box uagb-block-61ab42e7 uagb-infobox__content-wrap  uagb-infobox_cta-type-all uagb-infobox-icon-above-title uagb-infobox-image-valign-top wp-block-uagb-info-box--has-margin\"><div class=\"uagb-infobox-margin-wrapper\"><a href=\"https:\/\/udrzitelnost.zcu.cz\/en\/harmonic-environment\/\" class=\"uagb-infobox-link-wrap uagb-infbox__link-to-all\" target=\"_self\" aria-label=\"Infobox Link\" rel=\"noopener noreferrer\" onclick=\"return true;\"><\/a><div class=\"uagb-ifb-content\"><div class=\"uagb-ifb-title-wrap\"><span class=\"uagb-ifb-title-prefix\">UWB &amp;<\/span><h2 class=\"uagb-ifb-title\">HARMONIC<br\/>ENVIRONMENT<\/h2><\/div><p class=\"uagb-ifb-desc\">We strive to create a&nbsp;harmonious environment that serves as a&nbsp;model for both an educational institution and an employer.<\/p><div class=\"uagb-ifb-button-wrapper wp-block-button\"><\/div><\/div><\/div><\/div>\n\n\n\n<div class=\"wp-block-uagb-info-box uagb-block-88cf1bd4 uagb-infobox__content-wrap  uagb-infobox_cta-type-all uagb-infobox-icon-above-title uagb-infobox-image-valign-top wp-block-uagb-info-box--has-margin\"><div class=\"uagb-infobox-margin-wrapper\"><a href=\"https:\/\/udrzitelnost.zcu.cz\/en\/strategic-documents\/\" class=\"uagb-infobox-link-wrap uagb-infbox__link-to-all\" target=\"_self\" aria-label=\"Infobox Link\" rel=\"noopener noreferrer\" onclick=\"return true;\"><\/a><div class=\"uagb-ifb-content\"><div class=\"uagb-ifb-title-wrap\"><span class=\"uagb-ifb-title-prefix\">UWB &amp;<\/span><h2 class=\"uagb-ifb-title\">STRATEGIC<br\/>DOCUMENTS<\/h2><\/div><p class=\"uagb-ifb-desc\">We place sustainable development and social responsibility at the heart of our decision-making.<\/p><div class=\"uagb-ifb-button-wrapper wp-block-button\"><\/div><\/div><\/div><\/div>\n\n\n\n<div class=\"wp-block-uagb-info-box uagb-block-0d490a96 uagb-infobox__content-wrap  uagb-infobox_cta-type-all uagb-infobox-icon-above-title uagb-infobox-image-valign-top wp-block-uagb-info-box--has-margin\"><div class=\"uagb-infobox-margin-wrapper\"><a href=\"https:\/\/udrzitelnost.zcu.cz\/en\/research\/\" class=\"uagb-infobox-link-wrap uagb-infbox__link-to-all\" target=\"_self\" aria-label=\"Infobox Link\" rel=\"noopener noreferrer\" onclick=\"return true;\"><\/a><div class=\"uagb-ifb-content\"><div class=\"uagb-ifb-title-wrap\"><span class=\"uagb-ifb-title-prefix\">UWB &amp;<\/span><h2 class=\"uagb-ifb-title\">Research<\/h2><\/div><p class=\"uagb-ifb-desc\">Science, research, development, and innovation are a&nbsp;fundamental part of our activities and hold significant potential to influence sustainable development.<\/p><div class=\"uagb-ifb-button-wrapper wp-block-button\"><\/div><\/div><\/div><\/div>\n\n\n\n<div class=\"wp-block-uagb-info-box uagb-block-feba4a63 uagb-infobox__content-wrap  uagb-infobox_cta-type-all uagb-infobox-icon-above-title uagb-infobox-image-valign-top wp-block-uagb-info-box--has-margin\"><div class=\"uagb-infobox-margin-wrapper\"><a href=\"https:\/\/udrzitelnost.zcu.cz\/en\/education\/\" class=\"uagb-infobox-link-wrap uagb-infbox__link-to-all\" target=\"_self\" aria-label=\"Infobox Link\" rel=\"noopener noreferrer\" onclick=\"return true;\"><\/a><div class=\"uagb-ifb-content\"><div class=\"uagb-ifb-title-wrap\"><span class=\"uagb-ifb-title-prefix\">UWB &amp;<\/span><h2 class=\"uagb-ifb-title\">Education<\/h2><\/div><p class=\"uagb-ifb-desc\">We address sustainable development topics in both social development and sustainability-related technologies.<\/p><div class=\"uagb-ifb-button-wrapper wp-block-button\"><\/div><\/div><\/div><\/div>\n\n\n\n<div class=\"wp-block-uagb-info-box uagb-block-2ef559eb uagb-infobox__content-wrap  uagb-infobox_cta-type-all uagb-infobox-icon-above-title uagb-infobox-image-valign-top wp-block-uagb-info-box--has-margin\"><div class=\"uagb-infobox-margin-wrapper\"><a href=\"https:\/\/udrzitelnost.zcu.cz\/fakulty\/\" class=\"uagb-infobox-link-wrap uagb-infbox__link-to-all\" target=\"_self\" aria-label=\"Infobox Link\" rel=\"noopener noreferrer\" onclick=\"return true;\"><\/a><div class=\"uagb-ifb-content\"><div class=\"uagb-ifb-title-wrap\"><span class=\"uagb-ifb-title-prefix\">SUSTAINIBILITY AT <\/span><h2 class=\"uagb-ifb-title\">THE FACULTIES<\/h2><\/div><p class=\"uagb-ifb-desc\">Dive into the details of how individual faculties, institutions, and research centers approach sustainability.<\/p><div class=\"uagb-ifb-button-wrapper wp-block-button\"><\/div><\/div><\/div><\/div>\n\n\n\n<div class=\"wp-block-uagb-info-box uagb-block-2bfd1e32 uagb-infobox__content-wrap  uagb-infobox_cta-type-all uagb-infobox-icon-above-title uagb-infobox-image-valign-top wp-block-uagb-info-box--has-margin uag-hide-desktop\"><div class=\"uagb-infobox-margin-wrapper\"><a href=\"https:\/\/udrzitelnost.zcu.cz\/en\/\" class=\"uagb-infobox-link-wrap uagb-infbox__link-to-all\" target=\"_self\" aria-label=\"Infobox Link\" rel=\"noopener noreferrer\" onclick=\"return true;\"><\/a><div class=\"uagb-ifb-content\"><div class=\"uagb-ifb-title-wrap\"><span class=\"uagb-ifb-title-prefix\">Got an idea?<\/span><h2 class=\"uagb-ifb-title\">Get involved<\/h2><\/div><p class=\"uagb-ifb-desc\">Would you like to actively take part in the planning, preparation, and implementation of sustainability measures?<\/p><div class=\"uagb-ifb-button-wrapper wp-block-button\"><\/div><\/div><\/div><\/div>\n<\/div>\n<\/div><\/div>\n\n<div id=\"zapojte-se\" class=\"wp-block-uagb-container uag-hide-tab uag-hide-mob uagb-block-bf9323ac alignfull uagb-is-root-container\"><div class=\"uagb-container-inner-blocks-wrap\">\n<div class=\"wp-block-uagb-call-to-action uagb-block-f8b19f1b wp-block-button\"><div class=\"uagb-cta__wrap\"><h3 class=\"uagb-cta__title\">Get involved<\/h3><p class=\"uagb-cta__desc\">If you would like to actively participate in the planning, preparation, and implementation of sustainability initiatives at the University of West Bohemia, or if you have any suggestions or feedback, please get in touch with us.<\/p><\/div><div class=\"uagb-cta__buttons\"><a href=\"https:\/\/udrzitelnost.zcu.cz\/en\/get-involved\/\" class=\"uagb-cta__button-link-wrapper wp-block-button__link\" target=\"_self\" rel=\"noopener noreferrer\">Contact us<\/a><\/div><\/div>\n<\/div><\/div>\n","protected":false},"excerpt":{"rendered":"<p>Sustainibility at the University of West Bohemia in Pilsen Sustainability is not just about protecting nature \u2013 it\u2019s a&nbsp;path toward harmonious coexistence between people and the planet. What is sustainability? Sustainability is a&nbsp;concept that focuses on meeting the needs of the present generation, without compromising the ability of future generations, in order to meet their [&hellip;]<\/p>\n","protected":false},"author":2,"featured_media":0,"parent":0,"menu_order":0,"comment_status":"closed","ping_status":"closed","template":"","meta":{"_uag_custom_page_level_css":"","footnotes":""},"class_list":["post-4931","page","type-page","status-publish","hentry"],"blocksy_meta":{"has_hero_section":"disabled","disable_header":"no","disable_footer":"no","disable_share_box":"no"},"uagb_featured_image_src":{"full":false,"thumbnail":false,"medium":false,"medium_large":false,"large":false,"1536x1536":false,"2048x2048":false},"uagb_author_info":{"display_name":"Tom\u00e1\u0161 Frank","author_link":"https:\/\/udrzitelnost.zcu.cz\/en\/author\/tomasfrank\/"},"uagb_comment_info":0,"uagb_excerpt":"Sustainibility at the University of West Bohemia in Pilsen Sustainability is not just about protecting nature \u2013 it\u2019s a&nbsp;path toward harmonious coexistence between people and the planet. What is sustainability? Sustainability is a&nbsp;concept that focuses on meeting the needs of the present generation, without compromising the ability of future generations, in order to meet their&hellip;","_links":{"self":[{"href":"https:\/\/udrzitelnost.zcu.cz\/en\/wp-json\/wp\/v2\/pages\/4931"}],"collection":[{"href":"https:\/\/udrzitelnost.zcu.cz\/en\/wp-json\/wp\/v2\/pages"}],"about":[{"href":"https:\/\/udrzitelnost.zcu.cz\/en\/wp-json\/wp\/v2\/types\/page"}],"author":[{"embeddable":true,"href":"https:\/\/udrzitelnost.zcu.cz\/en\/wp-json\/wp\/v2\/users\/2"}],"replies":[{"embeddable":true,"href":"https:\/\/udrzitelnost.zcu.cz\/en\/wp-json\/wp\/v2\/comments?post=4931"}],"version-history":[{"count":12,"href":"https:\/\/udrzitelnost.zcu.cz\/en\/wp-json\/wp\/v2\/pages\/4931\/revisions"}],"predecessor-version":[{"id":4997,"href":"https:\/\/udrzitelnost.zcu.cz\/en\/wp-json\/wp\/v2\/pages\/4931\/revisions\/4997"}],"wp:attachment":[{"href":"https:\/\/udrzitelnost.zcu.cz\/en\/wp-json\/wp\/v2\/media?parent=4931"}],"curies":[{"name":"wp","href":"https:\/\/api.w.org\/{rel}","templated":true}]}}